{"id":446,"date":"2025-03-25T19:35:53","date_gmt":"2025-03-25T18:35:53","guid":{"rendered":"https:\/\/192.168.80.190\/?page_id=446"},"modified":"2025-03-28T00:21:25","modified_gmt":"2025-03-27T23:21:25","slug":"home","status":"publish","type":"page","link":"https:\/\/forderor.no\/","title":{"rendered":"Home"},"content":{"rendered":"\n<div class=\"wp-block-cover alignfull\" style=\"min-height:720px;aspect-ratio:unset;\"><span aria-hidden=\"true\" class=\"wp-block-cover__background has-background-dim-10 has-background-dim\"><\/span><img fetchpriority=\"high\" decoding=\"async\" width=\"2000\" height=\"1500\" class=\"wp-block-cover__image-background wp-image-272\" alt=\"\" src=\"http:\/\/192.168.80.190\/wp-content\/uploads\/2023\/01\/IMG_20220721_200442.jpg\" style=\"object-position:49% 27%\" data-object-fit=\"cover\" data-object-position=\"49% 27%\" srcset=\"https:\/\/forderor.no\/wp-content\/uploads\/2023\/01\/IMG_20220721_200442.jpg 2000w, https:\/\/forderor.no\/wp-content\/uploads\/2023\/01\/IMG_20220721_200442-300x225.jpg 300w, https:\/\/forderor.no\/wp-content\/uploads\/2023\/01\/IMG_20220721_200442-1024x768.jpg 1024w, https:\/\/forderor.no\/wp-content\/uploads\/2023\/01\/IMG_20220721_200442-768x576.jpg 768w, https:\/\/forderor.no\/wp-content\/uploads\/2023\/01\/IMG_20220721_200442-1536x1152.jpg 1536w\" sizes=\"(max-width: 2000px) 100vw, 2000px\" \/><div class=\"wp-block-cover__inner-container is-layout-flow wp-block-cover-is-layout-flow\">\n<div class=\"inherit-container-width wp-block-group alignwide is-layout-constrained wp-block-group-is-layout-constrained\">\n<div class=\"wp-block-media-text alignwide has-media-on-the-right is-stacked-on-mobile is-vertically-aligned-center\" style=\"grid-template-columns:auto 43%\"><div class=\"wp-block-media-text__content\">\n<h1 class=\"wp-block-heading has-text-align-left has-white-color has-text-color\">Vi finn noko som passar deg!<\/h1>\n\n\n\n<p class=\"has-white-color has-text-color\">Vi er her for \u00e5 hjelpe deg med alt fr\u00e5 reparasjon av lekkasjar til installasjon av nye r\u00f8yr. Ta kontakt for ein uforpliktande samtale<\/p>\n\n\n\n<div class=\"wp-block-buttons is-layout-flex wp-block-buttons-is-layout-flex\">\n<div class=\"wp-block-button\"><a class=\"wp-block-button__link wp-element-button\" href=\"#whyus\">Kontakt oss<\/a><\/div>\n<\/div>\n<\/div><figure class=\"wp-block-media-text__media\"><\/figure><\/div>\n<\/div>\n<\/div><\/div>\n\n\n\n<div class=\"wp-block-group alignfull has-ast-global-color-5-background-color has-background is-layout-constrained wp-container-core-group-is-layout-2 wp-block-group-is-layout-constrained\" style=\"padding-bottom:0px\">\n<div class=\"wp-block-columns are-vertically-aligned-top is-layout-flex wp-container-core-columns-is-layout-3 wp-block-columns-is-layout-flex\">\n<div class=\"wp-block-column is-vertically-aligned-top is-layout-flow wp-container-core-column-is-layout-6 wp-block-column-is-layout-flow\">\n<h3 class=\"wp-block-heading has-text-align-left\" id=\"quality\" style=\"margin-top:16px\">Kven er F\u00f8rde R\u00f8r<\/h3>\n\n\n\n<div class=\"wp-block-columns is-layout-flex wp-container-core-columns-is-layout-2 wp-block-columns-is-layout-flex\">\n<div class=\"wp-block-column is-layout-flow wp-block-column-is-layout-flow\">\n<p>F\u00f8rde R\u00f8r er eit r\u00f8yrleggjarfirma som starta opp i 2021. Vi har base i Sunnfjord, men tek p\u00e5 oss arbeid der du m\u00e5tte trenge. Vi kan bist\u00e5 med det du har behov for innanfor renovering og opplegg av bad, v\u00e5trom, vvs, golvvarme, varmepumpe, septiktank mm.<\/p>\n<\/div>\n\n\n\n<div class=\"wp-block-column is-layout-flow wp-block-column-is-layout-flow\">\n<div class=\"wp-block-columns is-layout-flex wp-container-core-columns-is-layout-1 wp-block-columns-is-layout-flex\">\n<div class=\"wp-block-column is-layout-flow wp-block-column-is-layout-flow\">\n<figure class=\"wp-block-gallery has-nested-images columns-default is-cropped wp-block-gallery-1 is-layout-flex wp-block-gallery-is-layout-flex\">\n<figure class=\"wp-block-image size-full\"><img decoding=\"async\" width=\"1080\" height=\"1080\" src=\"http:\/\/192.168.80.190\/wp-content\/uploads\/2023\/01\/236217459_130631885931628_2511410282630666191_n-2-e1743117267202.jpg\" alt=\"\" class=\"wp-image-194\" srcset=\"https:\/\/forderor.no\/wp-content\/uploads\/2023\/01\/236217459_130631885931628_2511410282630666191_n-2-e1743117267202.jpg 1080w, https:\/\/forderor.no\/wp-content\/uploads\/2023\/01\/236217459_130631885931628_2511410282630666191_n-2-e1743117267202-300x300.jpg 300w, https:\/\/forderor.no\/wp-content\/uploads\/2023\/01\/236217459_130631885931628_2511410282630666191_n-2-e1743117267202-1024x1024.jpg 1024w, https:\/\/forderor.no\/wp-content\/uploads\/2023\/01\/236217459_130631885931628_2511410282630666191_n-2-e1743117267202-150x150.jpg 150w, https:\/\/forderor.no\/wp-content\/uploads\/2023\/01\/236217459_130631885931628_2511410282630666191_n-2-e1743117267202-768x768.jpg 768w\" sizes=\"(max-width: 1080px) 100vw, 1080px\" \/><\/figure>\n<\/figure>\n<\/div>\n\n\n\n<div class=\"wp-block-column is-layout-flow wp-block-column-is-layout-flow\">\n<figure class=\"wp-block-gallery has-nested-images columns-default is-cropped wp-block-gallery-2 is-layout-flex wp-block-gallery-is-layout-flex\">\n<figure class=\"wp-block-image size-full\"><img decoding=\"async\" width=\"1080\" height=\"1080\" src=\"http:\/\/192.168.80.190\/wp-content\/uploads\/2023\/01\/199248885_793278944662076_3498065273037523175_n-1152x1536-1-e1743117489674.jpg\" alt=\"\" class=\"wp-image-146\" srcset=\"https:\/\/forderor.no\/wp-content\/uploads\/2023\/01\/199248885_793278944662076_3498065273037523175_n-1152x1536-1-e1743117489674.jpg 1080w, https:\/\/forderor.no\/wp-content\/uploads\/2023\/01\/199248885_793278944662076_3498065273037523175_n-1152x1536-1-e1743117489674-300x300.jpg 300w, https:\/\/forderor.no\/wp-content\/uploads\/2023\/01\/199248885_793278944662076_3498065273037523175_n-1152x1536-1-e1743117489674-1024x1024.jpg 1024w, https:\/\/forderor.no\/wp-content\/uploads\/2023\/01\/199248885_793278944662076_3498065273037523175_n-1152x1536-1-e1743117489674-150x150.jpg 150w, https:\/\/forderor.no\/wp-content\/uploads\/2023\/01\/199248885_793278944662076_3498065273037523175_n-1152x1536-1-e1743117489674-768x768.jpg 768w\" sizes=\"(max-width: 1080px) 100vw, 1080px\" \/><\/figure>\n<\/figure>\n<\/div>\n\n\n\n<div class=\"wp-block-column is-layout-flow wp-block-column-is-layout-flow\">\n<figure class=\"wp-block-gallery has-nested-images columns-default is-cropped wp-block-gallery-3 is-layout-flex wp-block-gallery-is-layout-flex\">\n<figure class=\"wp-block-image size-full\"><img loading=\"lazy\" decoding=\"async\" width=\"750\" height=\"750\" src=\"http:\/\/192.168.80.190\/wp-content\/uploads\/2023\/01\/278782211_681232479656966_6254019941776524342_n-e1743117591624.jpg\" alt=\"\" class=\"wp-image-228\" srcset=\"https:\/\/forderor.no\/wp-content\/uploads\/2023\/01\/278782211_681232479656966_6254019941776524342_n-e1743117591624.jpg 750w, https:\/\/forderor.no\/wp-content\/uploads\/2023\/01\/278782211_681232479656966_6254019941776524342_n-e1743117591624-300x300.jpg 300w, https:\/\/forderor.no\/wp-content\/uploads\/2023\/01\/278782211_681232479656966_6254019941776524342_n-e1743117591624-150x150.jpg 150w\" sizes=\"(max-width: 750px) 100vw, 750px\" \/><\/figure>\n<\/figure>\n<\/div>\n<\/div>\n<\/div>\n<\/div>\n\n\n\n<p class=\"has-text-align-left\"><\/p>\n<\/div>\n<\/div>\n<\/div>\n\n\n\n<div class=\"wp-block-group alignfull is-layout-constrained wp-container-core-group-is-layout-3 wp-block-group-is-layout-constrained\" id=\"services\" style=\"padding-top:144px;padding-bottom:0px\">\n<h2 class=\"wp-block-heading\">Kvalitet og Effektivitet<\/h2>\n\n\n\n<div class=\"wp-block-columns is-layout-flex wp-container-core-columns-is-layout-4 wp-block-columns-is-layout-flex\" style=\"margin-top:50px\">\n<div class=\"wp-block-column is-layout-flow wp-container-core-column-is-layout-7 wp-block-column-is-layout-flow\">\n<figure class=\"wp-block-image size-full\"><img decoding=\"async\" src=\"https:\/\/192.168.80.190\/wp-content\/themes\/astra\/inc\/assets\/images\/starter-content\/branding.jpg\" alt=\"\" class=\"wp-image-230\"\/><\/figure>\n\n\n\n<h3 class=\"wp-block-heading\" style=\"margin-top:16px\">Rimeleg<\/h3>\n\n\n\n<p>Vi gir alltid konkurransedyktige prisar. Ta kontakt for eit uforpliktande pristilbod.<\/p>\n<\/div>\n\n\n\n<div class=\"wp-block-column is-layout-flow wp-container-core-column-is-layout-8 wp-block-column-is-layout-flow\">\n<figure class=\"wp-block-image size-full\"><img decoding=\"async\" src=\"https:\/\/192.168.80.190\/wp-content\/themes\/astra\/inc\/assets\/images\/starter-content\/graphic.jpg\" alt=\"\" class=\"wp-image-232\"\/><\/figure>\n\n\n\n<h3 class=\"wp-block-heading\" style=\"margin-top:16px\">Kvalitet<\/h3>\n\n\n\n<p>Vi tilbyr varer av h\u00f8g kvalitet i ulike prisklassar.<\/p>\n<\/div>\n\n\n\n<div class=\"wp-block-column is-layout-flow wp-container-core-column-is-layout-9 wp-block-column-is-layout-flow\">\n<figure class=\"wp-block-image size-full\"><img decoding=\"async\" src=\"https:\/\/192.168.80.190\/wp-content\/themes\/astra\/inc\/assets\/images\/starter-content\/web.jpg\" alt=\"\" class=\"wp-image-231\"\/><\/figure>\n\n\n\n<h3 class=\"wp-block-heading\" style=\"margin-top:16px\">Effektiv<\/h3>\n\n\n\n<p>Vi har fokus p\u00e5 effektivitet. Slik at du blir forn\u00f8gd!<\/p>\n<\/div>\n<\/div>\n<\/div>\n\n\n\n<div class=\"wp-block-group alignfull has-ast-global-color-5-background-color has-background is-layout-constrained wp-container-core-group-is-layout-5 wp-block-group-is-layout-constrained\" id=\"about\" style=\"padding-top:143px;padding-bottom:144px\">\n<div class=\"wp-block-media-text has-media-on-the-right is-stacked-on-mobile is-vertically-aligned-center\"><div class=\"wp-block-media-text__content\">\n<div class=\"inherit-container-width wp-block-group is-layout-constrained wp-container-core-group-is-layout-4 wp-block-group-is-layout-constrained\" style=\"padding-right:80px\">\n<h2 class=\"wp-block-heading\" style=\"padding-right:40px\">Om oss<\/h2>\n\n\n\n<p><strong>F\u00f8rde R\u00f8r<\/strong><\/p>\n\n\n\n<p>F\u00f8rde R\u00f8r vart etablert i 2021 og held i hovudsak til i Sunnfjord kommune. Daglig leiar for firma er Daniel Aase, som har fagbrev innan r\u00f8rleggjarfaget og meir enn 10 \u00e5rs erfaring. Vi tilbyr mellom anna rehabilitering, og opplegg av bad\/v\u00e5trom, vvs, golvvarme, varmepumpe, septiktank mm. Vi tek p\u00e5 oss b\u00e5de sm\u00e5 og st\u00f8rre jobbar, og gir gjerne anbod eller eit antatt prisoverslag, sj\u00f8lvsagt heilt gratis. Om ynskjeleg kan vi ogs\u00e5 kome p\u00e5 befaring.&nbsp;<\/p>\n<\/div>\n<\/div><figure class=\"wp-block-media-text__media\"><img loading=\"lazy\" decoding=\"async\" width=\"768\" height=\"576\" src=\"http:\/\/192.168.80.190\/wp-content\/uploads\/2023\/01\/278723123_1126183668168228_7037613299532784382_n-1-768x576-1.jpg\" alt=\"\" class=\"wp-image-222 size-full\" srcset=\"https:\/\/forderor.no\/wp-content\/uploads\/2023\/01\/278723123_1126183668168228_7037613299532784382_n-1-768x576-1.jpg 768w, https:\/\/forderor.no\/wp-content\/uploads\/2023\/01\/278723123_1126183668168228_7037613299532784382_n-1-768x576-1-300x225.jpg 300w\" sizes=\"(max-width: 768px) 100vw, 768px\" \/><\/figure><\/div>\n<\/div>\n\n\n\n<div class=\"wp-block-group alignfull is-layout-constrained wp-container-core-group-is-layout-6 wp-block-group-is-layout-constrained\" id=\"whyus\" style=\"padding-top:144px;padding-bottom:144px\">\n<h2 class=\"wp-block-heading\">Kontakt oss!<\/h2>\n\n\n\n<div class=\"wp-block-columns is-layout-flex wp-container-core-columns-is-layout-5 wp-block-columns-is-layout-flex\" style=\"margin-top:60px\">\n<div class=\"wp-block-column is-layout-flow wp-container-core-column-is-layout-10 wp-block-column-is-layout-flow\">\n<figure class=\"wp-block-image size-large\"><img decoding=\"async\" src=\"https:\/\/192.168.80.190\/wp-content\/themes\/astra\/inc\/assets\/images\/starter-content\/building.svg\" alt=\"\"\/><\/figure>\n\n\n\n<h3 class=\"wp-block-heading\" style=\"margin-top:16px\">Kontor<\/h3>\n\n\n\n<p>\u00c5motsvegen 185, Bygstad<\/p>\n<\/div>\n\n\n\n<div class=\"wp-block-column is-layout-flow wp-container-core-column-is-layout-11 wp-block-column-is-layout-flow\">\n<figure class=\"wp-block-image size-large\"><img decoding=\"async\" src=\"https:\/\/192.168.80.190\/wp-content\/themes\/astra\/inc\/assets\/images\/starter-content\/portfolio.svg\" alt=\"\"\/><\/figure>\n\n\n\n<h3 class=\"wp-block-heading\" style=\"margin-top:16px\">E-post<\/h3>\n\n\n\n<p>forde.ror.as@gmail.com<\/p>\n<\/div>\n\n\n\n<div class=\"wp-block-column is-layout-flow wp-container-core-column-is-layout-12 wp-block-column-is-layout-flow\">\n<figure class=\"wp-block-image size-large\"><img decoding=\"async\" src=\"https:\/\/192.168.80.190\/wp-content\/themes\/astra\/inc\/assets\/images\/starter-content\/support.svg\" alt=\"\" class=\"wp-image-164\"\/><\/figure>\n\n\n\n<h3 class=\"wp-block-heading\" style=\"margin-top:16px\">Ring oss<\/h3>\n\n\n\n<p>416 58 090<\/p>\n<\/div>\n<\/div>\n<\/div>\n\n\n\n<p><\/p>\n","protected":false},"excerpt":{"rendered":"<p>Kven er F\u00f8rde R\u00f8r F\u00f8rde R\u00f8r er eit r\u00f8yrleggjarfirma som starta opp i 2021. Vi har base i Sunnfjord, men [&hellip;]<\/p>\n","protected":false},"author":1,"featured_media":0,"parent":0,"menu_order":0,"comment_status":"closed","ping_status":"closed","template":"","meta":{"_eb_attr":"","site-sidebar-layout":"no-sidebar","site-content-layout":"plain-container","ast-site-content-layout":"","site-content-style":"default","site-sidebar-style":"default","ast-global-header-display":"","ast-banner-title-visibility":"","ast-main-header-display":"","ast-hfb-above-header-display":"","ast-hfb-below-header-display":"","ast-hfb-mobile-header-display":"","site-post-title":"disabled","ast-breadcrumbs-content":"","ast-featured-img":"","footer-sml-layout":"","theme-transparent-header-meta":"enabled","adv-header-id-meta":"","stick-header-meta":"","header-above-stick-meta":"","header-main-stick-meta":"","header-below-stick-meta":"","astra-migrate-meta-layouts":"default","ast-page-background-enabled":"default","ast-page-background-meta":{"desktop":{"background-color":"var(--ast-global-color-5)","background-image":"","background-repeat":"repeat","background-position":"center center","background-size":"auto","background-attachment":"scroll","background-type":"","background-media":"","overlay-type":"","overlay-color":"","overlay-opacity":"","overlay-gradient":""},"tablet":{"background-color":"","background-image":"","background-repeat":"repeat","background-position":"center center","background-size":"auto","background-attachment":"scroll","background-type":"","background-media":"","overlay-type":"","overlay-color":"","overlay-opacity":"","overlay-gradient":""},"mobile":{"background-color":"","background-image":"","background-repeat":"repeat","background-position":"center center","background-size":"auto","background-attachment":"scroll","background-type":"","background-media":"","overlay-type":"","overlay-color":"","overlay-opacity":"","overlay-gradient":""}},"ast-content-background-meta":{"desktop":{"background-color":"var(--ast-global-color-4)","background-image":"","background-repeat":"repeat","background-position":"center center","background-size":"auto","background-attachment":"scroll","background-type":"","background-media":"","overlay-type":"","overlay-color":"","overlay-opacity":"","overlay-gradient":""},"tablet":{"background-color":"var(--ast-global-color-4)","background-image":"","background-repeat":"repeat","background-position":"center center","background-size":"auto","background-attachment":"scroll","background-type":"","background-media":"","overlay-type":"","overlay-color":"","overlay-opacity":"","overlay-gradient":""},"mobile":{"background-color":"var(--ast-global-color-4)","background-image":"","background-repeat":"repeat","background-position":"center center","background-size":"auto","background-attachment":"scroll","background-type":"","background-media":"","overlay-type":"","overlay-color":"","overlay-opacity":"","overlay-gradient":""}},"footnotes":""},"class_list":["post-446","page","type-page","status-publish","hentry"],"yoast_head":"<!-- This site is optimized with the Yoast SEO plugin v24.7 - https:\/\/yoast.com\/wordpress\/plugins\/seo\/ -->\n<title>Home - F\u00f8rde R\u00f8r AS<\/title>\n<meta name=\"description\" content=\"F\u00f8rde r\u00f8r AS er den r\u00f8rleggjaren som gjer at du f\u00e5r det slik du vil. Bad, V\u00e5trom, VVS, golvvarme, varmpepumpe, septiktank og meir!\" \/>\n<meta name=\"robots\" content=\"index, follow, max-snippet:-1, max-image-preview:large, max-video-preview:-1\" \/>\n<link rel=\"canonical\" href=\"https:\/\/192.168.80.190\/\" \/>\n<meta property=\"og:locale\" content=\"en_US\" \/>\n<meta property=\"og:type\" content=\"article\" \/>\n<meta property=\"og:title\" content=\"Home - F\u00f8rde R\u00f8r AS\" \/>\n<meta property=\"og:description\" content=\"F\u00f8rde r\u00f8r AS er den r\u00f8rleggjaren som gjer at du f\u00e5r det slik du vil. Bad, V\u00e5trom, VVS, golvvarme, varmpepumpe, septiktank og meir!\" \/>\n<meta property=\"og:url\" content=\"https:\/\/192.168.80.190\/\" \/>\n<meta property=\"og:site_name\" content=\"F\u00f8rde R\u00f8r AS\" \/>\n<meta property=\"article:modified_time\" content=\"2025-03-27T23:21:25+00:00\" \/>\n<meta property=\"og:image\" content=\"https:\/\/forderor.no\/wp-content\/uploads\/2023\/01\/IMG_20220721_200442.jpg\" \/>\n\t<meta property=\"og:image:width\" content=\"2000\" \/>\n\t<meta property=\"og:image:height\" content=\"1500\" \/>\n\t<meta property=\"og:image:type\" content=\"image\/jpeg\" \/>\n<meta name=\"twitter:card\" content=\"summary_large_image\" \/>\n<meta name=\"twitter:label1\" content=\"Est. reading time\" \/>\n\t<meta name=\"twitter:data1\" content=\"4 minutes\" \/>\n<script type=\"application\/ld+json\" class=\"yoast-schema-graph\">{\"@context\":\"https:\/\/schema.org\",\"@graph\":[{\"@type\":\"WebPage\",\"@id\":\"https:\/\/192.168.80.190\/\",\"url\":\"https:\/\/192.168.80.190\/\",\"name\":\"Home - F\u00f8rde R\u00f8r AS\",\"isPartOf\":{\"@id\":\"https:\/\/forderor.no\/#website\"},\"primaryImageOfPage\":{\"@id\":\"https:\/\/192.168.80.190\/#primaryimage\"},\"image\":{\"@id\":\"https:\/\/192.168.80.190\/#primaryimage\"},\"thumbnailUrl\":\"http:\/\/192.168.80.190\/wp-content\/uploads\/2023\/01\/IMG_20220721_200442.jpg\",\"datePublished\":\"2025-03-25T18:35:53+00:00\",\"dateModified\":\"2025-03-27T23:21:25+00:00\",\"description\":\"F\u00f8rde r\u00f8r AS er den r\u00f8rleggjaren som gjer at du f\u00e5r det slik du vil. Bad, V\u00e5trom, VVS, golvvarme, varmpepumpe, septiktank og meir!\",\"breadcrumb\":{\"@id\":\"https:\/\/192.168.80.190\/#breadcrumb\"},\"inLanguage\":\"en-US\",\"potentialAction\":[{\"@type\":\"ReadAction\",\"target\":[\"https:\/\/192.168.80.190\/\"]}]},{\"@type\":\"ImageObject\",\"inLanguage\":\"en-US\",\"@id\":\"https:\/\/192.168.80.190\/#primaryimage\",\"url\":\"http:\/\/192.168.80.190\/wp-content\/uploads\/2023\/01\/IMG_20220721_200442.jpg\",\"contentUrl\":\"http:\/\/192.168.80.190\/wp-content\/uploads\/2023\/01\/IMG_20220721_200442.jpg\"},{\"@type\":\"BreadcrumbList\",\"@id\":\"https:\/\/192.168.80.190\/#breadcrumb\",\"itemListElement\":[{\"@type\":\"ListItem\",\"position\":1,\"name\":\"Home\",\"item\":\"https:\/\/192.168.80.190\/\"},{\"@type\":\"ListItem\",\"position\":2,\"name\":\"Home\"}]},{\"@type\":\"WebSite\",\"@id\":\"https:\/\/forderor.no\/#website\",\"url\":\"https:\/\/forderor.no\/\",\"name\":\"F\u00f8rde R\u00f8r AS\",\"description\":\"Vi hjelper deg i dag!\",\"publisher\":{\"@id\":\"https:\/\/forderor.no\/#organization\"},\"potentialAction\":[{\"@type\":\"SearchAction\",\"target\":{\"@type\":\"EntryPoint\",\"urlTemplate\":\"https:\/\/forderor.no\/?s={search_term_string}\"},\"query-input\":{\"@type\":\"PropertyValueSpecification\",\"valueRequired\":true,\"valueName\":\"search_term_string\"}}],\"inLanguage\":\"en-US\"},{\"@type\":\"Organization\",\"@id\":\"https:\/\/forderor.no\/#organization\",\"name\":\"F\u00f8rde R\u00f8r AS\",\"url\":\"https:\/\/forderor.no\/\",\"logo\":{\"@type\":\"ImageObject\",\"inLanguage\":\"en-US\",\"@id\":\"https:\/\/forderor.no\/#\/schema\/logo\/image\/\",\"url\":\"https:\/\/forderor.no\/wp-content\/uploads\/2023\/01\/cropped-cropped-cropped-logo-iten-1-150x150-1.png\",\"contentUrl\":\"https:\/\/forderor.no\/wp-content\/uploads\/2023\/01\/cropped-cropped-cropped-logo-iten-1-150x150-1.png\",\"width\":150,\"height\":150,\"caption\":\"F\u00f8rde R\u00f8r AS\"},\"image\":{\"@id\":\"https:\/\/forderor.no\/#\/schema\/logo\/image\/\"}}]}<\/script>\n<!-- \/ Yoast SEO plugin. -->","yoast_head_json":{"title":"Home - F\u00f8rde R\u00f8r AS","description":"F\u00f8rde r\u00f8r AS er den r\u00f8rleggjaren som gjer at du f\u00e5r det slik du vil. Bad, V\u00e5trom, VVS, golvvarme, varmpepumpe, septiktank og meir!","robots":{"index":"index","follow":"follow","max-snippet":"max-snippet:-1","max-image-preview":"max-image-preview:large","max-video-preview":"max-video-preview:-1"},"canonical":"https:\/\/192.168.80.190\/","og_locale":"en_US","og_type":"article","og_title":"Home - F\u00f8rde R\u00f8r AS","og_description":"F\u00f8rde r\u00f8r AS er den r\u00f8rleggjaren som gjer at du f\u00e5r det slik du vil. Bad, V\u00e5trom, VVS, golvvarme, varmpepumpe, septiktank og meir!","og_url":"https:\/\/192.168.80.190\/","og_site_name":"F\u00f8rde R\u00f8r AS","article_modified_time":"2025-03-27T23:21:25+00:00","og_image":[{"width":2000,"height":1500,"url":"https:\/\/forderor.no\/wp-content\/uploads\/2023\/01\/IMG_20220721_200442.jpg","type":"image\/jpeg"}],"twitter_card":"summary_large_image","twitter_misc":{"Est. reading time":"4 minutes"},"schema":{"@context":"https:\/\/schema.org","@graph":[{"@type":"WebPage","@id":"https:\/\/192.168.80.190\/","url":"https:\/\/192.168.80.190\/","name":"Home - F\u00f8rde R\u00f8r AS","isPartOf":{"@id":"https:\/\/forderor.no\/#website"},"primaryImageOfPage":{"@id":"https:\/\/192.168.80.190\/#primaryimage"},"image":{"@id":"https:\/\/192.168.80.190\/#primaryimage"},"thumbnailUrl":"http:\/\/192.168.80.190\/wp-content\/uploads\/2023\/01\/IMG_20220721_200442.jpg","datePublished":"2025-03-25T18:35:53+00:00","dateModified":"2025-03-27T23:21:25+00:00","description":"F\u00f8rde r\u00f8r AS er den r\u00f8rleggjaren som gjer at du f\u00e5r det slik du vil. Bad, V\u00e5trom, VVS, golvvarme, varmpepumpe, septiktank og meir!","breadcrumb":{"@id":"https:\/\/192.168.80.190\/#breadcrumb"},"inLanguage":"en-US","potentialAction":[{"@type":"ReadAction","target":["https:\/\/192.168.80.190\/"]}]},{"@type":"ImageObject","inLanguage":"en-US","@id":"https:\/\/192.168.80.190\/#primaryimage","url":"http:\/\/192.168.80.190\/wp-content\/uploads\/2023\/01\/IMG_20220721_200442.jpg","contentUrl":"http:\/\/192.168.80.190\/wp-content\/uploads\/2023\/01\/IMG_20220721_200442.jpg"},{"@type":"BreadcrumbList","@id":"https:\/\/192.168.80.190\/#breadcrumb","itemListElement":[{"@type":"ListItem","position":1,"name":"Home","item":"https:\/\/192.168.80.190\/"},{"@type":"ListItem","position":2,"name":"Home"}]},{"@type":"WebSite","@id":"https:\/\/forderor.no\/#website","url":"https:\/\/forderor.no\/","name":"F\u00f8rde R\u00f8r AS","description":"Vi hjelper deg i dag!","publisher":{"@id":"https:\/\/forderor.no\/#organization"},"potentialAction":[{"@type":"SearchAction","target":{"@type":"EntryPoint","urlTemplate":"https:\/\/forderor.no\/?s={search_term_string}"},"query-input":{"@type":"PropertyValueSpecification","valueRequired":true,"valueName":"search_term_string"}}],"inLanguage":"en-US"},{"@type":"Organization","@id":"https:\/\/forderor.no\/#organization","name":"F\u00f8rde R\u00f8r AS","url":"https:\/\/forderor.no\/","logo":{"@type":"ImageObject","inLanguage":"en-US","@id":"https:\/\/forderor.no\/#\/schema\/logo\/image\/","url":"https:\/\/forderor.no\/wp-content\/uploads\/2023\/01\/cropped-cropped-cropped-logo-iten-1-150x150-1.png","contentUrl":"https:\/\/forderor.no\/wp-content\/uploads\/2023\/01\/cropped-cropped-cropped-logo-iten-1-150x150-1.png","width":150,"height":150,"caption":"F\u00f8rde R\u00f8r AS"},"image":{"@id":"https:\/\/forderor.no\/#\/schema\/logo\/image\/"}}]}},"_links":{"self":[{"href":"https:\/\/forderor.no\/index.php?rest_route=\/wp\/v2\/pages\/446","targetHints":{"allow":["GET"]}}],"collection":[{"href":"https:\/\/forderor.no\/index.php?rest_route=\/wp\/v2\/pages"}],"about":[{"href":"https:\/\/forderor.no\/index.php?rest_route=\/wp\/v2\/types\/page"}],"author":[{"embeddable":true,"href":"https:\/\/forderor.no\/index.php?rest_route=\/wp\/v2\/users\/1"}],"replies":[{"embeddable":true,"href":"https:\/\/forderor.no\/index.php?rest_route=%2Fwp%2Fv2%2Fcomments&post=446"}],"version-history":[{"count":16,"href":"https:\/\/forderor.no\/index.php?rest_route=\/wp\/v2\/pages\/446\/revisions"}],"predecessor-version":[{"id":514,"href":"https:\/\/forderor.no\/index.php?rest_route=\/wp\/v2\/pages\/446\/revisions\/514"}],"wp:attachment":[{"href":"https:\/\/forderor.no\/index.php?rest_route=%2Fwp%2Fv2%2Fmedia&parent=446"}],"curies":[{"name":"wp","href":"https:\/\/api.w.org\/{rel}","templated":true}]}}